{"id":1269,"date":"2025-02-24T10:14:40","date_gmt":"2025-02-24T10:14:40","guid":{"rendered":"https:\/\/canpinyonaire.com\/equip\/"},"modified":"2025-04-10T15:19:27","modified_gmt":"2025-04-10T15:19:27","slug":"equipo","status":"publish","type":"page","link":"https:\/\/canpinyonaire.com\/es\/equipo\/","title":{"rendered":"Equipo"},"content":{"rendered":"<h1>Anna Santolaria<\/h1>\n<div>\n<h5>Fundadora del taller Can Pinyonaire Vitralls, Santolaria ha colaborado en proyectos de conservaci\u00f3n de vidriera en multitud de talleres europeos, de los que cabe destacar la conservaci\u00f3n de las vidrieras flamencas de Lichfield Cathedral (1532); el proyecto de conservaci\u00f3n de la vidriera este del Minster de York (1405-08); la conservaci\u00f3n del vitral norte de la Catedral de Uppsala (1892), o el proyecto de conservaci\u00f3n de las vidrieras del \u00e1bside de la catedral de Naumburg (1250).<\/h5>\n<h5>Desde Can Pinyonaire cabe destacar trabajos como la restauraci\u00f3n del vitral medieval reencontrado en la catedral de Girona (1230-1430), la restauraci\u00f3n de las vidrieras de la fachada de la Casa Batll\u00f3 (1906), la restauraci\u00f3n de las vidrieras modernistas de la escuela Joan Bruguera (1912), la restauraci\u00f3n del conjunto (1890), o la restauraci\u00f3n del conjunto de vidrieras de la Bas\u00edlica de Santa Mar\u00eda de Vilafranca del Pened\u00e8s (2019-25).<\/h5>\n<\/div>\n<p><p>\n        <a href=\"\/wp-content\/uploads\/2025\/02\/Anna-Santolaria-CV-Directora-Can-Pinyonaire-Vitralls.pdf\">+ info<\/a>\n    <\/p>\n<\/p>\n<h1>Txell Colomer<\/h1>\n<div>\n<h5>Desde 2020 trabaja en el taller Can Pinyonaire Vitralls, en el casco antiguo de Girona, espacio donde se combinan trabajos de nueva creaci\u00f3n con proyectos de conservaci\u00f3n de vidrieras hist\u00f3ricas. Colomer ha trabajado aqu\u00ed en proyectos de restauraci\u00f3n como el del conjunto de vidrieras de la Bas\u00edlica de Santa Mar\u00eda de Vilafranca del Pened\u00e8s, la restauraci\u00f3n de las vidrieras modernistas de Cal Sabater (1914) o la restauraci\u00f3n del vitral medieval reencontrado en la catedral de Girona (1230\/1430).<\/h5>\n<h5>Ha trabajado tambi\u00e9n en grandes proyectos de creaci\u00f3n como el vitral de la nave de Santa Mar\u00eda de Vilafranca del Pened\u00e8s dise\u00f1ado por el artista F\u00e8lix Plantalech, o las vidrieras de la fachada sur del Monasterio de Sant Cugat del Vall\u00e9s con dise\u00f1o de Anna Santolaria. Cabe destacar en especial la creaci\u00f3n de un nuevo \u00f3culo por la Bas\u00edlica de Santa Mar\u00eda de Vilafranca del Pened\u00e8s con dise\u00f1o propio, instalado en verano de 2022.<br \/>\n<\/h5>\n<\/div>\n<p><p>\n        <a href=\"\/wp-content\/uploads\/2025\/02\/Txell-Colomer-CV-Treballadora-de-Can-Pinyonaire-Vitralls.pdf\">+ info<\/a>\n    <\/p>\n<\/p>\n<ul>\n<li>\n<p>        <img decoding=\"async\" src=\"\/wp-content\/uploads\/2025\/02\/can_pinyonaire_taller_1.jpg\" alt=\"\"><\/p>\n<h3>can_pinyonaire_taller_1<\/h3>\n<\/li>\n<li>\n<p>        <img decoding=\"async\" src=\"\/wp-content\/uploads\/2025\/02\/can_pinyonaire_taller_2.jpg\" alt=\"\"><\/p>\n<h3>can_pinyonaire_taller_2<\/h3>\n<\/li>\n<li>\n<p>        <img decoding=\"async\" src=\"\/wp-content\/uploads\/2025\/02\/can_pinyonaire_taller_3.jpg\" alt=\"\"><\/p>\n<h3>can_pinyonaire_taller_3<\/h3>\n<\/li>\n<li>\n<p>        <img decoding=\"async\" src=\"\/wp-content\/uploads\/2025\/02\/can_pinyonaire_taller_4.jpg\" alt=\"\"><\/p>\n<h3>can_pinyonaire_taller_4<\/h3>\n<\/li>\n<li>\n<p>        <img decoding=\"async\" src=\"\/wp-content\/uploads\/2025\/02\/can_pinyonaire_taller_5.jpg\" alt=\"\"><\/p>\n<h3>can_pinyonaire_taller_5<\/h3>\n<\/li>\n<li>\n<p>        <img decoding=\"async\" src=\"\/wp-content\/uploads\/2025\/02\/can_pinyonaire_taller_6.jpg\" alt=\"\"><\/p>\n<h3>can_pinyonaire_taller_6<\/h3>\n<\/li>\n<li>\n<p>        <img decoding=\"async\" src=\"\/wp-content\/uploads\/2025\/02\/can_pinyonaire_taller_7.jpg\" alt=\"\"><\/p>\n<h3>can_pinyonaire_taller_7<\/h3>\n<\/li>\n<li>\n<p>        <img decoding=\"async\" src=\"\/wp-content\/uploads\/2025\/02\/can_pinyonaire_taller_8.jpg\" alt=\"\"><\/p>\n<h3>can_pinyonaire_taller_8<\/h3>\n<\/li>\n<li>\n<p>        <img decoding=\"async\" src=\"\/wp-content\/uploads\/2025\/02\/can_pinyonaire_taller_9.jpg\" alt=\"\"><\/p>\n<h3>can_pinyonaire_taller_9<\/h3>\n<\/li>\n<\/ul>\n<p><!--more--><br \/>\n<!-- {\"type\":\"layout\",\"children\":[{\"type\":\"section\",\"props\":{\"animation\":\"fade\",\"animation_delay\":\"200\",\"header_transparent\":true,\"header_transparent_noplaceholder\":true,\"height_offset_top\":false,\"image_position\":\"center-center\",\"padding\":\"none\",\"style\":\"default\",\"title_breakpoint\":\"xl\",\"title_position\":\"top-left\",\"title_rotation\":\"left\",\"vertical_align\":\"\",\"width\":\"\"},\"children\":[{\"type\":\"row\",\"props\":{\"column_gap\":\"collapse\",\"height\":\"viewport\",\"height_offset_top\":false,\"layout\":\"1-2,1-2\"},\"children\":[{\"type\":\"column\",\"props\":{\"image_position\":\"center-center\",\"padding\":\"large\",\"position_sticky_breakpoint\":\"m\",\"style\":\"card-default\",\"vertical_align\":\"middle\",\"width_medium\":\"1-2\"},\"children\":[{\"type\":\"headline\",\"props\":{\"block_align\":\"center\",\"content\":\"Anna Santolaria\",\"css\":\".el-element{margin-top:100px;}\",\"margin\":\"medium\",\"maxwidth\":\"large\",\"text_align\":\"center\",\"title_element\":\"h1\"}},{\"type\":\"text\",\"props\":{\"animation\":\"slide-bottom-small\",\"block_align\":\"center\",\"column_breakpoint\":\"m\",\"content\":\"\n\n<h5>Fundadora del taller Can Pinyonaire Vitralls, Santolaria ha colaborado en proyectos de conservaci\\u00f3n de vidriera en multitud de talleres europeos, de los que cabe destacar la conservaci\\u00f3n de las vidrieras flamencas de Lichfield Cathedral (1532); el proyecto de conservaci\\u00f3n de la vidriera este del Minster de York (1405-08); la conservaci\\u00f3n del vitral norte de la Catedral de Uppsala (1892), o el proyecto de conservaci\\u00f3n de las vidrieras del \\u00e1bside de la catedral de Naumburg (1250).<\\\/h5>\\n\\n\n\n<h5>Desde Can Pinyonaire cabe destacar trabajos como la restauraci\\u00f3n del vitral medieval reencontrado en la catedral de Girona (1230-1430), la restauraci\\u00f3n de las vidrieras de la fachada de la Casa Batll\\u00f3 (1906), la restauraci\\u00f3n de las vidrieras modernistas de la escuela Joan Bruguera (1912), la restauraci\\u00f3n del conjunto (1890), o la restauraci\\u00f3n del conjunto de vidrieras de la Bas\\u00edlica de Santa Mar\\u00eda de Vilafranca del Pened\\u00e8s (2019-25).<\\\/h5>\\n\",\"margin\":\"default\",\"maxwidth\":\"large\",\"text_align\":\"center\"}},{\"type\":\"button\",\"props\":{\"grid_column_gap\":\"small\",\"grid_row_gap\":\"small\",\"margin\":\"default\",\"text_align\":\"center\"},\"children\":[{\"type\":\"button_item\",\"props\":{\"button_style\":\"text\",\"content\":\"+ info\",\"dialog_layout\":\"modal\",\"dialog_offcanvas_flip\":true,\"icon_align\":\"left\",\"link\":\"wp-content\\\/uploads\\\/2025\\\/02\\\/Anna-Santolaria-CV-Directora-Can-Pinyonaire-Vitralls.pdf\",\"link_target\":\"blank\"}}]}]},{\"type\":\"column\",\"props\":{\"image\":\"wp-content\\\/uploads\\\/2025\\\/02\\\/vitralls_can_pinyonaire_31.jpg\",\"image_position\":\"center-center\",\"image_size\":\"cover\",\"position_sticky_breakpoint\":\"m\",\"width_medium\":\"1-2\"}}]}]},{\"type\":\"section\",\"props\":{\"animation\":\"fade\",\"animation_delay\":\"200\",\"header_transparent\":true,\"header_transparent_noplaceholder\":true,\"height_offset_top\":false,\"image_position\":\"center-center\",\"padding\":\"none\",\"style\":\"default\",\"title_breakpoint\":\"xl\",\"title_position\":\"top-left\",\"title_rotation\":\"left\",\"vertical_align\":\"\",\"width\":\"\"},\"children\":[{\"type\":\"row\",\"props\":{\"column_gap\":\"collapse\",\"height\":\"viewport\",\"height_offset_top\":false,\"layout\":\"1-2,1-2\"},\"children\":[{\"type\":\"column\",\"props\":{\"image_position\":\"center-center\",\"image_size\":\"cover\",\"padding\":\"large\",\"position_sticky_breakpoint\":\"m\",\"style\":\"card-default\",\"vertical_align\":\"middle\",\"width_medium\":\"1-2\"},\"children\":[{\"type\":\"headline\",\"props\":{\"block_align\":\"center\",\"content\":\"Txell Colomer\",\"css\":\".el-element{margin-top:100px;}\",\"margin\":\"medium\",\"maxwidth\":\"large\",\"text_align\":\"center\",\"title_element\":\"h1\"}},{\"type\":\"text\",\"props\":{\"animation\":\"slide-bottom-small\",\"block_align\":\"center\",\"column_breakpoint\":\"m\",\"content\":\"\n\n<h5>Desde 2020 trabaja en el taller Can Pinyonaire Vitralls, en el casco antiguo de Girona, espacio donde se combinan trabajos de nueva creaci\\u00f3n con proyectos de conservaci\\u00f3n de vidrieras hist\\u00f3ricas. Colomer ha trabajado aqu\\u00ed en proyectos de restauraci\\u00f3n como el del conjunto de vidrieras de la Bas\\u00edlica de Santa Mar\\u00eda de Vilafranca del Pened\\u00e8s, la restauraci\\u00f3n de las vidrieras modernistas de Cal Sabater (1914) o la restauraci\\u00f3n del vitral medieval reencontrado en la catedral de Girona (1230\\\/1430).<\\\/h5>\\n\n\n<h5>Ha trabajado tambi\\u00e9n en grandes proyectos de creaci\\u00f3n como el vitral de la nave de Santa Mar\\u00eda de Vilafranca del Pened\\u00e8s dise\\u00f1ado por el artista F\\u00e8lix Plantalech, o las vidrieras de la fachada sur del Monasterio de Sant Cugat del Vall\\u00e9s con dise\\u00f1o de Anna Santolaria. Cabe destacar en especial la creaci\\u00f3n de un nuevo \\u00f3culo por la Bas\\u00edlica de Santa Mar\\u00eda de Vilafranca del Pened\\u00e8s con dise\\u00f1o propio, instalado en verano de 2022.\\n<\\\/h5>\\n\",\"margin\":\"default\",\"maxwidth\":\"large\",\"text_align\":\"center\"}},{\"type\":\"button\",\"props\":{\"grid_column_gap\":\"small\",\"grid_row_gap\":\"small\",\"margin\":\"default\",\"text_align\":\"center\"},\"children\":[{\"type\":\"button_item\",\"props\":{\"button_style\":\"text\",\"content\":\"+ info\",\"dialog_layout\":\"modal\",\"dialog_offcanvas_flip\":true,\"icon_align\":\"left\",\"link\":\"wp-content\\\/uploads\\\/2025\\\/02\\\/Txell-Colomer-CV-Treballadora-de-Can-Pinyonaire-Vitralls.pdf\",\"link_target\":\"blank\"}}]}]},{\"type\":\"column\",\"props\":{\"image\":\"wp-content\\\/uploads\\\/2025\\\/02\\\/vitralls_can_pinyonaire_32.jpg\",\"image_position\":\"center-center\",\"image_size\":\"cover\",\"order_first\":\"s\",\"padding\":\"large\",\"position_sticky_breakpoint\":\"m\",\"style\":\"card-default\",\"vertical_align\":\"middle\",\"width_medium\":\"1-2\"}}]}]},{\"type\":\"section\",\"props\":{\"image_position\":\"center-center\",\"padding\":\"none\",\"sticky\":\"reveal\",\"style\":\"default\",\"title_breakpoint\":\"xl\",\"title_position\":\"top-left\",\"title_rotation\":\"left\",\"vertical_align\":\"middle\",\"width\":\"\"},\"children\":[{\"type\":\"row\",\"children\":[{\"type\":\"column\",\"props\":{\"image_position\":\"center-center\",\"position_sticky_breakpoint\":\"m\"},\"children\":[{\"type\":\"slideshow\",\"props\":{\"link_style\":\"default\",\"link_text\":\"Read more\",\"margin\":\"default\",\"meta_align\":\"below-title\",\"meta_element\":\"div\",\"meta_style\":\"text-meta\",\"nav\":\"\",\"nav_align\":\"center\",\"nav_breakpoint\":\"s\",\"nav_position\":\"bottom-center\",\"nav_position_margin\":\"medium\",\"overlay_animation\":\"parallax\",\"overlay_position\":\"center-left\",\"show_content\":true,\"show_link\":true,\"show_meta\":true,\"show_thumbnail\":true,\"show_title\":false,\"slidenav\":\"bottom-right\",\"slidenav_breakpoint\":\"\",\"slidenav_margin\":\"medium\",\"slidenav_outside_breakpoint\":\"xl\",\"slideshow_animation\":\"fade\",\"slideshow_autoplay\":true,\"slideshow_autoplay_pause\":false,\"slideshow_height\":\"viewport\",\"slideshow_min_height\":\"500\",\"thumbnav_height\":\"75\",\"thumbnav_svg_color\":\"emphasis\",\"thumbnav_width\":\"100\",\"title_element\":\"h3\",\"title_hover_style\":\"reset\"},\"children\":[{\"type\":\"slideshow_item\",\"props\":{\"image\":\"wp-content\\\/uploads\\\/2025\\\/02\\\/can_pinyonaire_taller_1.jpg\",\"title\":\"can_pinyonaire_taller_1\"}},{\"type\":\"slideshow_item\",\"props\":{\"image\":\"wp-content\\\/uploads\\\/2025\\\/02\\\/can_pinyonaire_taller_2.jpg\",\"title\":\"can_pinyonaire_taller_2\"}},{\"type\":\"slideshow_item\",\"props\":{\"image\":\"wp-content\\\/uploads\\\/2025\\\/02\\\/can_pinyonaire_taller_3.jpg\",\"title\":\"can_pinyonaire_taller_3\"}},{\"type\":\"slideshow_item\",\"props\":{\"image\":\"wp-content\\\/uploads\\\/2025\\\/02\\\/can_pinyonaire_taller_4.jpg\",\"title\":\"can_pinyonaire_taller_4\"}},{\"type\":\"slideshow_item\",\"props\":{\"image\":\"wp-content\\\/uploads\\\/2025\\\/02\\\/can_pinyonaire_taller_5.jpg\",\"title\":\"can_pinyonaire_taller_5\"}},{\"type\":\"slideshow_item\",\"props\":{\"image\":\"wp-content\\\/uploads\\\/2025\\\/02\\\/can_pinyonaire_taller_6.jpg\",\"title\":\"can_pinyonaire_taller_6\"}},{\"type\":\"slideshow_item\",\"props\":{\"image\":\"wp-content\\\/uploads\\\/2025\\\/02\\\/can_pinyonaire_taller_7.jpg\",\"title\":\"can_pinyonaire_taller_7\"}},{\"type\":\"slideshow_item\",\"props\":{\"image\":\"wp-content\\\/uploads\\\/2025\\\/02\\\/can_pinyonaire_taller_8.jpg\",\"title\":\"can_pinyonaire_taller_8\"}},{\"type\":\"slideshow_item\",\"props\":{\"image\":\"wp-content\\\/uploads\\\/2025\\\/02\\\/can_pinyonaire_taller_9.jpg\",\"title\":\"can_pinyonaire_taller_9\"}}]}]}]}]}],\"version\":\"4.5.11\"} --><\/p>\n","protected":false},"excerpt":{"rendered":"<p>Anna Santolaria Fundadora del taller Can Pinyonaire Vitralls, Santolaria ha colaborado en proyectos de conservaci\u00f3n de vidriera en multitud de talleres europeos, de los que cabe destacar la conservaci\u00f3n de las vidrieras flamencas de Lichfield Cathedral (1532); el proyecto de conservaci\u00f3n de la vidriera este del Minster de York (1405-08); la conservaci\u00f3n del vitral norte [&hellip;]<\/p>\n","protected":false},"author":1,"featured_media":0,"parent":0,"menu_order":0,"comment_status":"closed","ping_status":"closed","template":"","meta":{"footnotes":""},"class_list":["post-1269","page","type-page","status-publish","hentry"],"yoast_head":"<!-- This site is optimized with the Yoast SEO plugin v26.7 - https:\/\/yoast.com\/wordpress\/plugins\/seo\/ -->\n<title>Equipo - Can Pinyonaire Vitralls<\/title>\n<meta name=\"robots\" content=\"index, follow, max-snippet:-1, max-image-preview:large, max-video-preview:-1\" \/>\n<link rel=\"canonical\" href=\"https:\/\/canpinyonaire.com\/es\/equipo\/\" \/>\n<meta property=\"og:locale\" content=\"es_ES\" \/>\n<meta property=\"og:type\" content=\"article\" \/>\n<meta property=\"og:title\" content=\"Equipo - Can Pinyonaire Vitralls\" \/>\n<meta property=\"og:description\" content=\"Anna Santolaria Fundadora del taller Can Pinyonaire Vitralls, Santolaria ha colaborado en proyectos de conservaci\u00f3n de vidriera en multitud de talleres europeos, de los que cabe destacar la conservaci\u00f3n de las vidrieras flamencas de Lichfield Cathedral (1532); el proyecto de conservaci\u00f3n de la vidriera este del Minster de York (1405-08); la conservaci\u00f3n del vitral norte [&hellip;]\" \/>\n<meta property=\"og:url\" content=\"https:\/\/canpinyonaire.com\/es\/equipo\/\" \/>\n<meta property=\"og:site_name\" content=\"Can Pinyonaire Vitralls\" \/>\n<meta property=\"article:publisher\" content=\"https:\/\/www.facebook.com\/VitrallsSantolaria\/?locale=es_ES\" \/>\n<meta property=\"article:modified_time\" content=\"2025-04-10T15:19:27+00:00\" \/>\n<meta name=\"twitter:card\" content=\"summary_large_image\" \/>\n<meta name=\"twitter:label1\" content=\"Tiempo de lectura\" \/>\n\t<meta name=\"twitter:data1\" content=\"2 minutos\" \/>\n<script type=\"application\/ld+json\" class=\"yoast-schema-graph\">{\"@context\":\"https:\/\/schema.org\",\"@graph\":[{\"@type\":\"WebPage\",\"@id\":\"https:\/\/canpinyonaire.com\/es\/equipo\/\",\"url\":\"https:\/\/canpinyonaire.com\/es\/equipo\/\",\"name\":\"Equipo - Can Pinyonaire Vitralls\",\"isPartOf\":{\"@id\":\"https:\/\/canpinyonaire.com\/#website\"},\"datePublished\":\"2025-02-24T10:14:40+00:00\",\"dateModified\":\"2025-04-10T15:19:27+00:00\",\"breadcrumb\":{\"@id\":\"https:\/\/canpinyonaire.com\/es\/equipo\/#breadcrumb\"},\"inLanguage\":\"es\",\"potentialAction\":[{\"@type\":\"ReadAction\",\"target\":[\"https:\/\/canpinyonaire.com\/es\/equipo\/\"]}]},{\"@type\":\"BreadcrumbList\",\"@id\":\"https:\/\/canpinyonaire.com\/es\/equipo\/#breadcrumb\",\"itemListElement\":[{\"@type\":\"ListItem\",\"position\":1,\"name\":\"Inici\",\"item\":\"https:\/\/canpinyonaire.com\/es\/\"},{\"@type\":\"ListItem\",\"position\":2,\"name\":\"Equipo\"}]},{\"@type\":\"WebSite\",\"@id\":\"https:\/\/canpinyonaire.com\/#website\",\"url\":\"https:\/\/canpinyonaire.com\/\",\"name\":\"Can Pinyonaire Vitralls\",\"description\":\"Conservaci\u00f3, restauraci\u00f3 i creaci\u00f3 de Vitralls\",\"publisher\":{\"@id\":\"https:\/\/canpinyonaire.com\/#organization\"},\"potentialAction\":[{\"@type\":\"SearchAction\",\"target\":{\"@type\":\"EntryPoint\",\"urlTemplate\":\"https:\/\/canpinyonaire.com\/?s={search_term_string}\"},\"query-input\":{\"@type\":\"PropertyValueSpecification\",\"valueRequired\":true,\"valueName\":\"search_term_string\"}}],\"inLanguage\":\"es\"},{\"@type\":\"Organization\",\"@id\":\"https:\/\/canpinyonaire.com\/#organization\",\"name\":\"Can Pinyonaire Vitralls\",\"url\":\"https:\/\/canpinyonaire.com\/\",\"logo\":{\"@type\":\"ImageObject\",\"inLanguage\":\"es\",\"@id\":\"https:\/\/canpinyonaire.com\/#\/schema\/logo\/image\/\",\"url\":\"https:\/\/canpinyonaire.com\/wp-content\/uploads\/2025\/05\/can_pinyonaire_vitralls_logo.jpg\",\"contentUrl\":\"https:\/\/canpinyonaire.com\/wp-content\/uploads\/2025\/05\/can_pinyonaire_vitralls_logo.jpg\",\"width\":562,\"height\":229,\"caption\":\"Can Pinyonaire Vitralls\"},\"image\":{\"@id\":\"https:\/\/canpinyonaire.com\/#\/schema\/logo\/image\/\"},\"sameAs\":[\"https:\/\/www.facebook.com\/VitrallsSantolaria\/?locale=es_ES\",\"https:\/\/www.instagram.com\/canpinyonaire\/\"]}]}<\/script>\n<!-- \/ Yoast SEO plugin. -->","yoast_head_json":{"title":"Equipo - Can Pinyonaire Vitralls","robots":{"index":"index","follow":"follow","max-snippet":"max-snippet:-1","max-image-preview":"max-image-preview:large","max-video-preview":"max-video-preview:-1"},"canonical":"https:\/\/canpinyonaire.com\/es\/equipo\/","og_locale":"es_ES","og_type":"article","og_title":"Equipo - Can Pinyonaire Vitralls","og_description":"Anna Santolaria Fundadora del taller Can Pinyonaire Vitralls, Santolaria ha colaborado en proyectos de conservaci\u00f3n de vidriera en multitud de talleres europeos, de los que cabe destacar la conservaci\u00f3n de las vidrieras flamencas de Lichfield Cathedral (1532); el proyecto de conservaci\u00f3n de la vidriera este del Minster de York (1405-08); la conservaci\u00f3n del vitral norte [&hellip;]","og_url":"https:\/\/canpinyonaire.com\/es\/equipo\/","og_site_name":"Can Pinyonaire Vitralls","article_publisher":"https:\/\/www.facebook.com\/VitrallsSantolaria\/?locale=es_ES","article_modified_time":"2025-04-10T15:19:27+00:00","twitter_card":"summary_large_image","twitter_misc":{"Tiempo de lectura":"2 minutos"},"schema":{"@context":"https:\/\/schema.org","@graph":[{"@type":"WebPage","@id":"https:\/\/canpinyonaire.com\/es\/equipo\/","url":"https:\/\/canpinyonaire.com\/es\/equipo\/","name":"Equipo - Can Pinyonaire Vitralls","isPartOf":{"@id":"https:\/\/canpinyonaire.com\/#website"},"datePublished":"2025-02-24T10:14:40+00:00","dateModified":"2025-04-10T15:19:27+00:00","breadcrumb":{"@id":"https:\/\/canpinyonaire.com\/es\/equipo\/#breadcrumb"},"inLanguage":"es","potentialAction":[{"@type":"ReadAction","target":["https:\/\/canpinyonaire.com\/es\/equipo\/"]}]},{"@type":"BreadcrumbList","@id":"https:\/\/canpinyonaire.com\/es\/equipo\/#breadcrumb","itemListElement":[{"@type":"ListItem","position":1,"name":"Inici","item":"https:\/\/canpinyonaire.com\/es\/"},{"@type":"ListItem","position":2,"name":"Equipo"}]},{"@type":"WebSite","@id":"https:\/\/canpinyonaire.com\/#website","url":"https:\/\/canpinyonaire.com\/","name":"Can Pinyonaire Vitralls","description":"Conservaci\u00f3, restauraci\u00f3 i creaci\u00f3 de Vitralls","publisher":{"@id":"https:\/\/canpinyonaire.com\/#organization"},"potentialAction":[{"@type":"SearchAction","target":{"@type":"EntryPoint","urlTemplate":"https:\/\/canpinyonaire.com\/?s={search_term_string}"},"query-input":{"@type":"PropertyValueSpecification","valueRequired":true,"valueName":"search_term_string"}}],"inLanguage":"es"},{"@type":"Organization","@id":"https:\/\/canpinyonaire.com\/#organization","name":"Can Pinyonaire Vitralls","url":"https:\/\/canpinyonaire.com\/","logo":{"@type":"ImageObject","inLanguage":"es","@id":"https:\/\/canpinyonaire.com\/#\/schema\/logo\/image\/","url":"https:\/\/canpinyonaire.com\/wp-content\/uploads\/2025\/05\/can_pinyonaire_vitralls_logo.jpg","contentUrl":"https:\/\/canpinyonaire.com\/wp-content\/uploads\/2025\/05\/can_pinyonaire_vitralls_logo.jpg","width":562,"height":229,"caption":"Can Pinyonaire Vitralls"},"image":{"@id":"https:\/\/canpinyonaire.com\/#\/schema\/logo\/image\/"},"sameAs":["https:\/\/www.facebook.com\/VitrallsSantolaria\/?locale=es_ES","https:\/\/www.instagram.com\/canpinyonaire\/"]}]}},"_links":{"self":[{"href":"https:\/\/canpinyonaire.com\/es\/wp-json\/wp\/v2\/pages\/1269","targetHints":{"allow":["GET"]}}],"collection":[{"href":"https:\/\/canpinyonaire.com\/es\/wp-json\/wp\/v2\/pages"}],"about":[{"href":"https:\/\/canpinyonaire.com\/es\/wp-json\/wp\/v2\/types\/page"}],"author":[{"embeddable":true,"href":"https:\/\/canpinyonaire.com\/es\/wp-json\/wp\/v2\/users\/1"}],"replies":[{"embeddable":true,"href":"https:\/\/canpinyonaire.com\/es\/wp-json\/wp\/v2\/comments?post=1269"}],"version-history":[{"count":3,"href":"https:\/\/canpinyonaire.com\/es\/wp-json\/wp\/v2\/pages\/1269\/revisions"}],"predecessor-version":[{"id":1293,"href":"https:\/\/canpinyonaire.com\/es\/wp-json\/wp\/v2\/pages\/1269\/revisions\/1293"}],"wp:attachment":[{"href":"https:\/\/canpinyonaire.com\/es\/wp-json\/wp\/v2\/media?parent=1269"}],"curies":[{"name":"wp","href":"https:\/\/api.w.org\/{rel}","templated":true}]}}